{"id":2801,"date":"2024-06-12T13:36:25","date_gmt":"2024-06-12T19:36:25","guid":{"rendered":"https:\/\/imu.com.mx\/?page_id=2801"},"modified":"2025-10-28T21:39:02","modified_gmt":"2025-10-29T03:39:02","slug":"imurecicla-3","status":"publish","type":"page","link":"https:\/\/imu.com.mx\/backup-imu\/imurecicla-3\/","title":{"rendered":"IMURECICLA"},"content":{"rendered":"\t\t<div data-elementor-type=\"wp-page\" data-elementor-id=\"2801\" class=\"elementor elementor-2801\" data-elementor-post-type=\"page\">\n\t\t\t\t<div class=\"elementor-element elementor-element-88ff51d e-flex e-con-boxed e-con e-parent\" data-id=\"88ff51d\" data-element_type=\"container\">\n\t\t\t\t\t<div class=\"e-con-inner\">\n\t\t\t\t<div class=\"elementor-element elementor-element-234ae74c elementor-widget elementor-widget-text-editor\" data-id=\"234ae74c\" data-element_type=\"widget\" data-widget_type=\"text-editor.default\">\n\t\t\t\t\t\t\t\t\t\n<figure class=\"wp-block-image\"><img decoding=\"async\" src=\"https:\/\/imu.com.mx\/wp-content\/uploads\/2018\/06\/portada-imurecicla-ok.jpg\" alt=\"\" \/><\/figure>\n\n<h1 class=\"wp-block-heading\">MANEJO RESPONSABLE DE PILAS USADAS EN LA CDMX<\/h1>\n\n<p><img decoding=\"async\" src=\"https:\/\/imu.com.mx\/wp-content\/uploads\/2018\/06\/vpublica-hov.png\" alt=\"Publicidad exterior\" \/><\/p>\n\n<p>\u00bfSab\u00edas que las pilas forman parte de la lista de residuos que requieren un manejo especial y que adem\u00e1s pueden ser reciclados? Tirarlos a la basura puede ser lo m\u00e1s sencillo pero no lo mejor. Las pilas contienen sustancias como mercurio, cadmio, n\u00edquel y magnesio. Si estos materiales no son tratados adecuadamente, terminan por contaminar el aire, el suelo y el agua.<\/p>\n\n<h3 class=\"wp-block-heading\">T\u00fa puedes ayudar a reducir la cantidad de pilas que van a dar a tiraderos<\/h3>\n\n<p>En 2007 Grupo IMU inici\u00f3 el Programa de Manejo Responsable de Pilas en coordinaci\u00f3n con el Gobierno de la Ciudad de M\u00e9xico, a trav\u00e9s de la Secretar\u00eda del Medio Ambiente (SEDEMA). A la fecha se han recolectado m\u00e1s de 1,300 toneladas de pilas, convirti\u00e9ndose en el programa en abierto m\u00e1s grande de Am\u00e9rica Latina; por lo que se ha hecho acreedor a diversas certificaciones e importantes reconocimientos en materia de mejores pr\u00e1cticas para la preservaci\u00f3n y cuidado del medio ambiente, a lo largo de estos a\u00f1os.<\/p>\n\n<h5 class=\"wp-block-heading\">Ubica la m\u00e1s cercana.<\/h5>\n\n<p>Actualmente existen 400 columnas habilitadas para recibir bater\u00edas y pilas AA, AAA, C, D, CR, cuadradas y de bot\u00f3n.\u00a0Recuerda que cada pila que deposites en estos contenedores ser\u00e1 reciclada y con eso ayudas a que tengamos un mejor planeta. \u00a1Tu esfuerzo cuenta!<\/p>\n\n<figure class=\"wp-block-image aligncenter\"><img decoding=\"async\" class=\"alignnone wp-image-2773 size-medium\" src=\"https:\/\/imu.com.mx\/wp-content\/uploads\/2024\/06\/imurecicla-color-2023-300x101.png\" alt=\"\" width=\"300\" height=\"101\" srcset=\"https:\/\/imu.com.mx\/backup-imu\/wp-content\/uploads\/2024\/06\/imurecicla-color-2023-300x101.png 300w, https:\/\/imu.com.mx\/backup-imu\/wp-content\/uploads\/2024\/06\/imurecicla-color-2023-768x259.png 768w, https:\/\/imu.com.mx\/backup-imu\/wp-content\/uploads\/2024\/06\/imurecicla-color-2023-370x125.png 370w, https:\/\/imu.com.mx\/backup-imu\/wp-content\/uploads\/2024\/06\/imurecicla-color-2023-760x257.png 760w, https:\/\/imu.com.mx\/backup-imu\/wp-content\/uploads\/2024\/06\/imurecicla-color-2023.png 909w\" sizes=\"(max-width: 300px) 100vw, 300px\" \/><\/figure>\n\n<p>\u00a0<\/p>\n\n<p>pruebas<\/p>\n<style>\r\n\t#wpsl-stores .wpsl-store-thumb {height:45px !important; width:45px !important;}\r\n\t#wpsl-stores, #wpsl-direction-details, #wpsl-gmap {height:450px !important;}\r\n\t#wpsl-gmap .wpsl-info-window {max-width:225px !important;}\r\n\t.wpsl-input label, #wpsl-radius label, #wpsl-category label {width:95px;}\r\n\t#wpsl-search-input  {width:179px;}\r\n<\/style>\r\n<div id=\"wpsl-wrap\">\r\n\t<div class=\"wpsl-search wpsl-clearfix \">\r\n\t\t<div id=\"wpsl-search-wrap\">\r\n\t\t\t<form autocomplete=\"off\">\r\n\t\t\t<div class=\"wpsl-input\">\r\n\t\t\t\t<div><label for=\"wpsl-search-input\">Tu ubicaci\u00f3n<\/label><\/div>\r\n\t\t\t\t<input id=\"wpsl-search-input\" type=\"text\" value=\"\" name=\"wpsl-search-input\" placeholder=\"\" aria-required=\"true\" \/>\r\n\t\t\t<\/div>\r\n\t\t\t<div class=\"wpsl-select-wrap\">\r\n\t\t\t\t<div id=\"wpsl-radius\">\r\n\t\t\t\t\t<label for=\"wpsl-radius-dropdown\">Radio de b\u00fasqueda<\/label>\r\n\t\t\t\t\t<select id=\"wpsl-radius-dropdown\" class=\"wpsl-dropdown\" name=\"wpsl-radius\">\r\n\t\t\t\t\t\t<option selected=\"selected\" value=\"3\">3 km<\/option><option value=\"10\">10 km<\/option><option value=\"25\">25 km<\/option>\r\n\t\t\t\t\t<\/select>\r\n\t\t\t\t<\/div>\r\n\t\t\t\t<div id=\"wpsl-results\">\r\n\t\t\t\t\t<label for=\"wpsl-results-dropdown\">Resultados<\/label>\r\n\t\t\t\t\t<select id=\"wpsl-results-dropdown\" class=\"wpsl-dropdown\" name=\"wpsl-results\">\r\n\t\t\t\t\t\t<option selected=\"selected\" value=\"5\">5<\/option><option value=\"10\">10<\/option><option value=\"15\">15<\/option><option value=\"25\">25<\/option><option value=\"50\">50<\/option><option value=\"100\">100<\/option><option value=\"200\">200<\/option><option value=\"351\">351<\/option>\r\n\t\t\t\t\t<\/select>\r\n\t\t\t\t<\/div>\r\n\t\t\t<\/div>\r\n\t\t\t\t<div class=\"wpsl-search-btn-wrap\"><input id=\"wpsl-search-btn\" type=\"submit\" value=\"Buscar\"><\/div>\r\n\t\t<\/form>\r\n\t\t<\/div>\r\n\t<\/div>\r\n\t<div id=\"wpsl-gmap\" class=\"wpsl-gmap-canvas\"><\/div>\r\n\t<div id=\"wpsl-result-list\">\r\n\t\t<div id=\"wpsl-stores\" >\r\n\t\t\t<ul><\/ul>\r\n\t\t<\/div>\r\n\t\t<div id=\"wpsl-direction-details\">\r\n\t\t\t<ul><\/ul>\r\n\t\t<\/div>\r\n\t<\/div>\r\n<\/div>\r\n\n<p><\/p>\n<p>\u00a0<\/p>\t\t\t\t\t\t\t\t<\/div>\n\t\t\t\t\t<\/div>\n\t\t\t\t<\/div>\n\t\t\t\t<\/div>\n\t\t","protected":false},"excerpt":{"rendered":"<p>MANEJO RESPONSABLE DE PILAS USADAS EN LA CDMX \u00bfSab\u00edas que las pilas forman parte de la lista de residuos que requieren un manejo especial y que adem\u00e1s pueden ser reciclados? Tirarlos a la basura puede ser lo m\u00e1s sencillo pero no lo mejor. Las pilas contienen sustancias como mercurio, cadmio, n\u00edquel y magnesio. Si estos [&hellip;]<\/p>\n","protected":false},"author":1,"featured_media":0,"parent":0,"menu_order":0,"comment_status":"closed","ping_status":"closed","template":"","meta":{"footnotes":""},"class_list":["post-2801","page","type-page","status-publish","hentry"],"blocksy_meta":[],"_links":{"self":[{"href":"https:\/\/imu.com.mx\/backup-imu\/wp-json\/wp\/v2\/pages\/2801","targetHints":{"allow":["GET"]}}],"collection":[{"href":"https:\/\/imu.com.mx\/backup-imu\/wp-json\/wp\/v2\/pages"}],"about":[{"href":"https:\/\/imu.com.mx\/backup-imu\/wp-json\/wp\/v2\/types\/page"}],"author":[{"embeddable":true,"href":"https:\/\/imu.com.mx\/backup-imu\/wp-json\/wp\/v2\/users\/1"}],"replies":[{"embeddable":true,"href":"https:\/\/imu.com.mx\/backup-imu\/wp-json\/wp\/v2\/comments?post=2801"}],"version-history":[{"count":10,"href":"https:\/\/imu.com.mx\/backup-imu\/wp-json\/wp\/v2\/pages\/2801\/revisions"}],"predecessor-version":[{"id":2898,"href":"https:\/\/imu.com.mx\/backup-imu\/wp-json\/wp\/v2\/pages\/2801\/revisions\/2898"}],"wp:attachment":[{"href":"https:\/\/imu.com.mx\/backup-imu\/wp-json\/wp\/v2\/media?parent=2801"}],"curies":[{"name":"wp","href":"https:\/\/api.w.org\/{rel}","templated":true}]}}